{"id":30354,"date":"2024-05-07T14:31:52","date_gmt":"2024-05-07T14:31:52","guid":{"rendered":"https:\/\/www.pixii.com\/inbetriebnahme\/"},"modified":"2026-03-26T11:23:46","modified_gmt":"2026-03-26T11:23:46","slug":"inbetriebnahme","status":"publish","type":"page","link":"https:\/\/www.pixii.com\/de\/inbetriebnahme\/","title":{"rendered":"Inbetriebnahme"},"content":{"rendered":"\r\n<div class=\"pixii-page-header-block has-pixii-black-background-color alignfull\">\r\n\t\r\n\t<div class=\"container\" style=\"background-image: url(''); \">\r\n\t\t<div class=\"block-content\">\r\n\t\t\t<div class=\"tag\">INBETRIEBNAHME<\/div>\r\n\t\t\t<div class=\"text\">Bitte verwenden Sie das untenstehende Formular, um Pixii Informationen dar\u00fcber zukommen zu lassen, wie das System funktionieren soll, welche Systemdienste\/Anwendungen es ausf\u00fchren soll und geben Sie ggf. eine h\u00f6here Ebene des EMS-Systems (MQTT, Modbus) an.  <\/div>\r\n\t\t\t\t\t\t<div class=\"down-arrow\"><\/div>\r\n\t\t\t\t\t<\/div>\r\n\t<\/div>\r\n<\/div>\r\n\n<h2 class=\"wp-block-heading\">Inbetriebnahmeformular<\/h2>\n\n<p>Sobald das System betriebsbereit ist, stellt der Inbetriebnahmeprozess sicher, dass alle Komponenten entsprechend den betrieblichen Anforderungen installiert und getestet wurden. Die Inbetriebnahme muss von autorisiertem Personal durchgef\u00fchrt werden &#8211; einem Pixii-Ingenieur oder einem von Pixii zertifizierten Subunternehmer im Auftrag von Pixii. <\/p>\n\n<p>Damit Pixii mit der Ferninbetriebnahme fortfahren kann, m\u00fcssen alle Schr\u00e4nke gem\u00e4\u00df der Pixii-Systemdokumentation vollst\u00e4ndig installiert und mit dem Internet verbunden sein. Hierbei m\u00fcssen die Ports f\u00fcr den Fernzugriff offen sein und die AC-Stromversorgung muss eingeschaltet sein. Die Batterien m\u00fcssen ausgeschaltet sein. <br\/><br\/><strong>Bitte verwenden Sie das untenstehende Formular, um Pixii die notwendigen Informationen zukommen zu lassen. Wenn Sie das Formular von Hand ausf\u00fcllen und per E-Mail versenden m\u00f6chten, k\u00f6nnen Sie die Vorlage f\u00fcr das Auftragsformular <a href=\"https:\/\/www.pixii.com\/de\/?page_id=29978&amp;doc_type=911&amp;variations=undefined&amp;\">hier<\/a> herunterladen.   <\/strong><\/p>\n\n<div class=\"wp-block-leadin-hubspot-form-block\">\n\t\t\t\t\t\t<script>\n\t\t\t\t\t\t\twindow.hsFormsOnReady = window.hsFormsOnReady || [];\n\t\t\t\t\t\t\twindow.hsFormsOnReady.push(()=>{\n\t\t\t\t\t\t\t\thbspt.forms.create({\n\t\t\t\t\t\t\t\t\tportalId: 25049356,\n\t\t\t\t\t\t\t\t\tformId: \"651d2d10-8499-4827-b58f-8c125144eee6\",\n\t\t\t\t\t\t\t\t\ttarget: \"#hbspt-form-1777207026000-7940736937\",\n\t\t\t\t\t\t\t\t\tregion: \"eu1\",\n\t\t\t\t\t\t\t\t\t\n\t\t\t\t\t\t\t})});\n\t\t\t\t\t\t<\/script>\n\t\t\t\t\t\t<div class=\"hbspt-form\" id=\"hbspt-form-1777207026000-7940736937\"><\/div><\/div>\n\n<div style=\"height:150px\" aria-hidden=\"true\" class=\"wp-block-spacer\"><\/div>\n\n<script>jQuery(function() {\n\t\tvar a = setInterval(function(){  \n\t\t\tif(jQuery(\"#hs-form-iframe-0\").length > 0)\n\t\t\t{\n\t\t\t\tconsole.log(\"iframe yuklendi\");\n\t\t\t\tlet head = jQuery(\"#hs-form-iframe-0\").contents().find(\"head\");\n\t\t\t\tlet css = '<link href=\"https:\/\/fonts.googleapis.com\/css2?family=Ubuntu:wght@300;400;500;700&#038;display=swap\" rel=\"stylesheet\">';\t\n\t\t\t\tcss += '<style>';\n\t\t\t\tcss += '*{color:#000A14; font-family: Ubuntu,Cantarell,Helvetica Neue,sans-serif,arial !important; font-style: normal !important; }';\n\t\t\t\tcss += 'input[type=submit]{background-color:#000A14 !important; font-size:clamp(18px, 1.125rem + ((1vw - 7.68px) * 0.481), 22px) !important; color:white; font-weight:500; border:0; border-radius:0; padding: 20px 40px !important; }';\n\t\t\t\tcss += 'input[type=submit]:hover{background-color: #FC5801 !important;}';\n\t\t\t\tcss += '';\n\t\t\t\tjQuery(head).append(css);\n\t\t\t\tclearInterval(a);\n\t\t\t}\n\t\t}, 500);\n\t});\n<\/script>\n","protected":false},"excerpt":{"rendered":"<p>Inbetriebnahmeformular Sobald das System betriebsbereit ist, stellt der Inbetriebnahmeprozess sicher, dass alle Komponenten entsprechend den betrieblichen Anforderungen installiert und getestet wurden. Die Inbetriebnahme muss von autorisiertem Personal durchgef\u00fchrt werden &#8211; einem Pixii-Ingenieur oder einem von Pixii zertifizierten Subunternehmer im Auftrag von Pixii. Damit Pixii mit der Ferninbetriebnahme fortfahren kann, m\u00fcssen alle Schr\u00e4nke gem\u00e4\u00df der Pixii-Systemdokumentation&#8230;<\/p>\n","protected":false},"author":1,"featured_media":0,"parent":0,"menu_order":0,"comment_status":"closed","ping_status":"closed","template":"","meta":{"_acf_changed":false,"content-type":"","footnotes":""},"class_list":["post-30354","page","type-page","status-publish","hentry"],"acf":[],"yoast_head":"<!-- This site is optimized with the Yoast SEO plugin v26.8 - https:\/\/yoast.com\/product\/yoast-seo-wordpress\/ -->\n<title>Inbetriebnahme - Pixii<\/title>\n<meta name=\"robots\" content=\"index, follow, max-snippet:-1, max-image-preview:large, max-video-preview:-1\" \/>\n<link rel=\"canonical\" href=\"https:\/\/www.pixii.com\/de\/?page_id=30354\" \/>\n<meta property=\"og:locale\" content=\"de_DE\" \/>\n<meta property=\"og:type\" content=\"article\" \/>\n<meta property=\"og:title\" content=\"Inbetriebnahme - Pixii\" \/>\n<meta property=\"og:description\" content=\"Inbetriebnahmeformular Sobald das System betriebsbereit ist, stellt der Inbetriebnahmeprozess sicher, dass alle Komponenten entsprechend den betrieblichen Anforderungen installiert und getestet wurden. Die Inbetriebnahme muss von autorisiertem Personal durchgef\u00fchrt werden &#8211; einem Pixii-Ingenieur oder einem von Pixii zertifizierten Subunternehmer im Auftrag von Pixii. Damit Pixii mit der Ferninbetriebnahme fortfahren kann, m\u00fcssen alle Schr\u00e4nke gem\u00e4\u00df der Pixii-Systemdokumentation...\" \/>\n<meta property=\"og:url\" content=\"https:\/\/www.pixii.com\/de\/?page_id=30354\" \/>\n<meta property=\"og:site_name\" content=\"Pixii\" \/>\n<meta property=\"article:publisher\" content=\"https:\/\/www.facebook.com\/PixiiAS\/\" \/>\n<meta property=\"article:modified_time\" content=\"2026-03-26T11:23:46+00:00\" \/>\n<script type=\"application\/ld+json\" class=\"yoast-schema-graph\">{\"@context\":\"https:\/\/schema.org\",\"@graph\":[{\"@type\":\"WebPage\",\"@id\":\"https:\/\/www.pixii.com\/de\/?page_id=30354\",\"url\":\"https:\/\/www.pixii.com\/de\/?page_id=30354\",\"name\":\"Inbetriebnahme - Pixii\",\"isPartOf\":{\"@id\":\"https:\/\/www.pixii.com\/#website\"},\"datePublished\":\"2024-05-07T14:31:52+00:00\",\"dateModified\":\"2026-03-26T11:23:46+00:00\",\"breadcrumb\":{\"@id\":\"https:\/\/www.pixii.com\/de\/?page_id=30354#breadcrumb\"},\"inLanguage\":\"de\",\"potentialAction\":[{\"@type\":\"ReadAction\",\"target\":[\"https:\/\/www.pixii.com\/de\/?page_id=30354\"]}]},{\"@type\":\"BreadcrumbList\",\"@id\":\"https:\/\/www.pixii.com\/de\/?page_id=30354#breadcrumb\",\"itemListElement\":[{\"@type\":\"ListItem\",\"position\":1,\"name\":\"Home\",\"item\":\"https:\/\/www.pixii.com\/de\/\"},{\"@type\":\"ListItem\",\"position\":2,\"name\":\"Inbetriebnahme\"}]},{\"@type\":\"WebSite\",\"@id\":\"https:\/\/www.pixii.com\/#website\",\"url\":\"https:\/\/www.pixii.com\/\",\"name\":\"Pixii\",\"description\":\"\",\"potentialAction\":[{\"@type\":\"SearchAction\",\"target\":{\"@type\":\"EntryPoint\",\"urlTemplate\":\"https:\/\/www.pixii.com\/?s={search_term_string}\"},\"query-input\":{\"@type\":\"PropertyValueSpecification\",\"valueRequired\":true,\"valueName\":\"search_term_string\"}}],\"inLanguage\":\"de\"}]}<\/script>\n<!-- \/ Yoast SEO plugin. -->","yoast_head_json":{"title":"Inbetriebnahme - Pixii","robots":{"index":"index","follow":"follow","max-snippet":"max-snippet:-1","max-image-preview":"max-image-preview:large","max-video-preview":"max-video-preview:-1"},"canonical":"https:\/\/www.pixii.com\/de\/?page_id=30354","og_locale":"de_DE","og_type":"article","og_title":"Inbetriebnahme - Pixii","og_description":"Inbetriebnahmeformular Sobald das System betriebsbereit ist, stellt der Inbetriebnahmeprozess sicher, dass alle Komponenten entsprechend den betrieblichen Anforderungen installiert und getestet wurden. Die Inbetriebnahme muss von autorisiertem Personal durchgef\u00fchrt werden &#8211; einem Pixii-Ingenieur oder einem von Pixii zertifizierten Subunternehmer im Auftrag von Pixii. Damit Pixii mit der Ferninbetriebnahme fortfahren kann, m\u00fcssen alle Schr\u00e4nke gem\u00e4\u00df der Pixii-Systemdokumentation...","og_url":"https:\/\/www.pixii.com\/de\/?page_id=30354","og_site_name":"Pixii","article_publisher":"https:\/\/www.facebook.com\/PixiiAS\/","article_modified_time":"2026-03-26T11:23:46+00:00","schema":{"@context":"https:\/\/schema.org","@graph":[{"@type":"WebPage","@id":"https:\/\/www.pixii.com\/de\/?page_id=30354","url":"https:\/\/www.pixii.com\/de\/?page_id=30354","name":"Inbetriebnahme - Pixii","isPartOf":{"@id":"https:\/\/www.pixii.com\/#website"},"datePublished":"2024-05-07T14:31:52+00:00","dateModified":"2026-03-26T11:23:46+00:00","breadcrumb":{"@id":"https:\/\/www.pixii.com\/de\/?page_id=30354#breadcrumb"},"inLanguage":"de","potentialAction":[{"@type":"ReadAction","target":["https:\/\/www.pixii.com\/de\/?page_id=30354"]}]},{"@type":"BreadcrumbList","@id":"https:\/\/www.pixii.com\/de\/?page_id=30354#breadcrumb","itemListElement":[{"@type":"ListItem","position":1,"name":"Home","item":"https:\/\/www.pixii.com\/de\/"},{"@type":"ListItem","position":2,"name":"Inbetriebnahme"}]},{"@type":"WebSite","@id":"https:\/\/www.pixii.com\/#website","url":"https:\/\/www.pixii.com\/","name":"Pixii","description":"","potentialAction":[{"@type":"SearchAction","target":{"@type":"EntryPoint","urlTemplate":"https:\/\/www.pixii.com\/?s={search_term_string}"},"query-input":{"@type":"PropertyValueSpecification","valueRequired":true,"valueName":"search_term_string"}}],"inLanguage":"de"}]}},"_links":{"self":[{"href":"https:\/\/www.pixii.com\/de\/wp-json\/wp\/v2\/pages\/30354","targetHints":{"allow":["GET"]}}],"collection":[{"href":"https:\/\/www.pixii.com\/de\/wp-json\/wp\/v2\/pages"}],"about":[{"href":"https:\/\/www.pixii.com\/de\/wp-json\/wp\/v2\/types\/page"}],"author":[{"embeddable":true,"href":"https:\/\/www.pixii.com\/de\/wp-json\/wp\/v2\/users\/1"}],"replies":[{"embeddable":true,"href":"https:\/\/www.pixii.com\/de\/wp-json\/wp\/v2\/comments?post=30354"}],"version-history":[{"count":0,"href":"https:\/\/www.pixii.com\/de\/wp-json\/wp\/v2\/pages\/30354\/revisions"}],"wp:attachment":[{"href":"https:\/\/www.pixii.com\/de\/wp-json\/wp\/v2\/media?parent=30354"}],"curies":[{"name":"wp","href":"https:\/\/api.w.org\/{rel}","templated":true}]}}